{"id":146,"date":"2020-10-26T11:49:20","date_gmt":"2020-10-26T10:49:20","guid":{"rendered":"http:\/\/vcremer-sophrologue.com\/?page_id=146"},"modified":"2021-06-17T14:41:59","modified_gmt":"2021-06-17T12:41:59","slug":"qui-sui-je","status":"publish","type":"page","link":"https:\/\/vcremer-sophrologue.com\/index.php\/qui-sui-je\/","title":{"rendered":"Qui suis-je ?"},"content":{"rendered":"\t\t<div data-elementor-type=\"wp-page\" data-elementor-id=\"146\" class=\"elementor elementor-146\">\n\t\t\t\t\t\t\t\t\t<section class=\"elementor-section elementor-top-section elementor-element elementor-element-345a84ef elementor-section-boxed elementor-section-height-default elementor-section-height-default\" data-id=\"345a84ef\" data-element_type=\"section\">\n\t\t\t\t\t\t<div class=\"elementor-container elementor-column-gap-no\">\n\t\t\t\t\t<div class=\"elementor-column elementor-col-50 elementor-top-column elementor-element elementor-element-7bf5aaa1\" data-id=\"7bf5aaa1\" data-element_type=\"column\">\n\t\t\t<div class=\"elementor-widget-wrap elementor-element-populated\">\n\t\t\t\t\t\t\t\t<div class=\"elementor-element elementor-element-424e4a79 elementor-widget elementor-widget-image\" data-id=\"424e4a79\" data-element_type=\"widget\" data-widget_type=\"image.default\">\n\t\t\t\t<div class=\"elementor-widget-container\">\n\t\t\t\t\t\t\t\t\t\t\t\t\t\t\t<img loading=\"lazy\" decoding=\"async\" width=\"640\" height=\"800\" src=\"https:\/\/vcremer-sophrologue.com\/wp-content\/uploads\/2020\/10\/LD-JPEG-800px-sRVB-201002-cremer09120-1.jpg\" class=\"attachment-full size-full wp-image-135\" alt=\"\" srcset=\"https:\/\/vcremer-sophrologue.com\/wp-content\/uploads\/2020\/10\/LD-JPEG-800px-sRVB-201002-cremer09120-1.jpg 640w, https:\/\/vcremer-sophrologue.com\/wp-content\/uploads\/2020\/10\/LD-JPEG-800px-sRVB-201002-cremer09120-1-240x300.jpg 240w\" sizes=\"auto, (max-width: 640px) 100vw, 640px\" \/>\t\t\t\t\t\t\t\t\t\t\t\t\t\t\t<\/div>\n\t\t\t\t<\/div>\n\t\t\t\t\t<\/div>\n\t\t<\/div>\n\t\t\t\t<div class=\"elementor-column elementor-col-50 elementor-top-column elementor-element elementor-element-722b8546\" data-id=\"722b8546\" data-element_type=\"column\" data-settings=\"{&quot;background_background&quot;:&quot;classic&quot;}\">\n\t\t\t<div class=\"elementor-widget-wrap elementor-element-populated\">\n\t\t\t\t\t\t\t\t<div class=\"elementor-element elementor-element-ef083fc elementor-widget elementor-widget-heading\" data-id=\"ef083fc\" data-element_type=\"widget\" data-widget_type=\"heading.default\">\n\t\t\t\t<div class=\"elementor-widget-container\">\n\t\t\t<h3 class=\"elementor-heading-title elementor-size-large\">Virginie CREMER<\/h3>\t\t<\/div>\n\t\t\t\t<\/div>\n\t\t\t\t<div class=\"elementor-element elementor-element-18304d7 elementor-widget elementor-widget-heading\" data-id=\"18304d7\" data-element_type=\"widget\" data-widget_type=\"heading.default\">\n\t\t\t\t<div class=\"elementor-widget-container\">\n\t\t\t<h2 class=\"elementor-heading-title elementor-size-medium\">\"Pourquoi chercher chez l'autre, autour de toi, ce que tu d\u00e9sires plus que tout, alors que tu as tout en toi.  <br>Deviens acteur, actrice de ta Vie. Tu es la cl\u00e9 de ta propre r\u00e9ussite.\"<\/h2>\t\t<\/div>\n\t\t\t\t<\/div>\n\t\t\t\t<section class=\"elementor-section elementor-inner-section elementor-element elementor-element-3cac9f5d elementor-reverse-mobile elementor-section-boxed elementor-section-height-default elementor-section-height-default\" data-id=\"3cac9f5d\" data-element_type=\"section\">\n\t\t\t\t\t\t<div class=\"elementor-container elementor-column-gap-default\">\n\t\t\t\t\t<div class=\"elementor-column elementor-col-100 elementor-inner-column elementor-element elementor-element-1a20d5c0\" data-id=\"1a20d5c0\" data-element_type=\"column\" data-settings=\"{&quot;background_background&quot;:&quot;classic&quot;}\">\n\t\t\t<div class=\"elementor-widget-wrap elementor-element-populated\">\n\t\t\t\t\t\t\t\t<div class=\"elementor-element elementor-element-33d49300 elementor-widget elementor-widget-text-editor\" data-id=\"33d49300\" data-element_type=\"widget\" data-widget_type=\"text-editor.default\">\n\t\t\t\t<div class=\"elementor-widget-container\">\n\t\t\t\t\t\t\t<div class=\"_2cuy _3dgx _2vxa\"><em>\u00ab\u00a0<strong>Virginie,<\/strong><\/em><strong><em> quand tu te feras confiance, tu pourras tout faire dans ta vie\u00a0\u00bb<\/em>, c\u2019est par cette phrase que tout a commenc\u00e9\u2026<\/strong><\/div><div>\u00a0<\/div><div class=\"_2cuy _3dgx _2vxa\">Je me revois, au milieu de l\u2019eau, dans la baie d\u2019Amed, l\u2019un des meilleurs spot de plong\u00e9e de Bali, avec mon instructeur, Thibaut\u2026Impossible pour moi de descendre sous l\u2019eau avec tout cet \u00e9quipement sur le dos\u2026.ce gaz dans la bouche\u2026C\u2019est horrible\u2026.<br \/>Ces mots r\u00e9sonnent encore en moi, tellement ils ont \u00e9t\u00e9 bien amen\u00e9s\u2026d\u2019une telle bienveillance\u2026venant d\u2019une personne inconnue&#8230;mais c\u2019\u00e9tait tellement vrai\u2026tellement\u2026<\/div><div>\u00a0<\/div><div class=\"_2cuy _3dgx _2vxa\">Au retour de ce merveilleux voyage, cadeau de mes 40 ans, tout a chang\u00e9. Je dirai que tout a commenc\u00e9\u2026Une v\u00e9ritable prise de conscience.<\/div><div>\u00a0<\/div><div class=\"_2cuy _3dgx _2vxa\">Je me suis pos\u00e9e \u2026Qu\u2019est-ce que je pourrais faire pour avancer, \u00e9voluer ? Peut-\u00eatre d\u00e9j\u00e0 apprendre \u00e0 mieux me conna\u00eetre. Qui suis-je vraiment ?<\/div><div>\u00a0<\/div><div class=\"_2cuy _3dgx _2vxa\">Cela faisait un bout de temps que je m\u2019int\u00e9ressais \u00e0 la sophrologie, sans r\u00e9ellement conna\u00eetre\u2026Alors, j\u2019ai commenc\u00e9 \u00e0 effectuer des recherches sur internet et comme la vie est bien faite, une Sophrologue Cayc\u00e9dienne se trouve \u00e0 5mn de chez moi\u2026.<\/div><div class=\"_2cuy _3dgx _2vxa\">Je profite de ce signe du destin et prends RDV imm\u00e9diatement.<\/div><div class=\"_2cuy _3dgx _2vxa\">Quelle rencontre\u2026une femme incroyable\u2026d\u2019une \u00e9coute, d\u2019une bienveillance absolue\u2026<\/div><div class=\"_2cuy _3dgx _2vxa\">Nous avons effectu\u00e9 10 s\u00e9ances ensemble\u2026\u00e9tal\u00e9es sur plus de 3 mois. Quel chemin\u2026 quel parcours\u2026quelle transformation\u2026que ce soit \u00e0 titre personnel mais aussi envers mon entourage personnel et professionnel.<br \/>Un v\u00e9ritable changement ; je parlerai plus d\u2019une belle \u00e9volution\u2026d\u2019une v\u00e9ritable prise de conscience de qui j\u2019\u00e9tais, de qui je suis et de qui je voudrais \u00eatre.<\/div><div class=\"_2cuy _3dgx _2vxa\"><strong>Colette a su m\u2019accompagner vers une autonomie sur le chemin de ma vie, tout en respectant qui je suis, avec mes propres capacit\u00e9s et mes propres valeurs.<\/strong><\/div><div>\u00a0<\/div><div class=\"_2cuy _3dgx _2vxa\">Et 4 ans plus tard\u2026dont 3 ann\u00e9es de formation,\u00a0me voil\u00e0 dipl\u00f4m\u00e9e d&rsquo;un <strong>Master sp\u00e9cialiste en Sophrologie Cayc\u00e9dienne<\/strong>.<\/div><div class=\"_2cuy _3dgx _2vxa\">Je me suis form\u00e9e au :<\/div><div class=\"_2cuy _3dgx _2vxa\">&#8211; Cycle fondamental (4 premiers degr\u00e9s de la m\u00e9thode), \u00e0 l\u2019\u00e9cole de Sophrologie Cayc\u00e9dienne de Lyon.<\/div><div class=\"_2cuy _3dgx _2vxa\">&#8211; Cycle radical et existentiel (8 degr\u00e9s restants de la m\u00e9thode), \u00e0 l&rsquo;Acad\u00e9mie Internationale de Sophrologie Cayc\u00e9dienne, SOFROCAY.<\/div><div>\u00a0<\/div><div class=\"_2cuy _3dgx _2vxa\">Apr\u00e8s une vingtaine d&rsquo;ann\u00e9e \u00e0 travailler dans le secteur priv\u00e9, il m\u2019est donc apparu \u00e9vident de faire s\u2019unir ces deux mondes qui font int\u00e9gralement parties de qui je suis.<\/div><div class=\"_2cuy _3dgx _2vxa\">Allier cette exp\u00e9rience avec celle de la sophrologie, pour pouvoir vous accompagner, lors de s\u00e9ances individuelles ou de groupe, que ce soit \u00e0 mon cabinet de Bourgoin Jailleu (38) ou celui de Saint-Priest (69), \u00e0 votre domicile, en entreprise, en milieu scolaire, associatif, sportif, afin que vous puissiez <strong>ETRE ET MIEUX-ETRE dans votre quotidien personnel et professionnel.<\/strong><\/div><div>\u00a0<\/div><div class=\"_2cuy _3dgx _2vxa\">Merci de votre confiance.<\/div>\t\t\t\t\t\t<\/div>\n\t\t\t\t<\/div>\n\t\t\t\t<div class=\"elementor-element elementor-element-5ca59fbc elementor-mobile-align-center elementor-icon-list--layout-traditional elementor-list-item-link-full_width elementor-widget elementor-widget-icon-list\" data-id=\"5ca59fbc\" data-element_type=\"widget\" data-widget_type=\"icon-list.default\">\n\t\t\t\t<div class=\"elementor-widget-container\">\n\t\t\t\t\t<ul class=\"elementor-icon-list-items\">\n\t\t\t\t\t\t\t<li class=\"elementor-icon-list-item\">\n\t\t\t\t\t\t\t\t\t\t\t<a href=\"http:\/\/vcremer.sophro38@yahoo.com\">\n\n\t\t\t\t\t\t\t\t\t\t\t\t<span class=\"elementor-icon-list-icon\">\n\t\t\t\t\t\t\t<i aria-hidden=\"true\" class=\"fas fa-envelope\"><\/i>\t\t\t\t\t\t<\/span>\n\t\t\t\t\t\t\t\t\t\t<span class=\"elementor-icon-list-text\">vcremer.sophro38@yahoo.com<\/span>\n\t\t\t\t\t\t\t\t\t\t\t<\/a>\n\t\t\t\t\t\t\t\t\t<\/li>\n\t\t\t\t\t\t\t\t<li class=\"elementor-icon-list-item\">\n\t\t\t\t\t\t\t\t\t\t\t<a href=\"https:\/\/www.facebook.com\/virginiecremersophrologue\/\" target=\"_blank\">\n\n\t\t\t\t\t\t\t\t\t\t\t\t<span class=\"elementor-icon-list-icon\">\n\t\t\t\t\t\t\t<i aria-hidden=\"true\" class=\"fab fa-facebook\"><\/i>\t\t\t\t\t\t<\/span>\n\t\t\t\t\t\t\t\t\t\t<span class=\"elementor-icon-list-text\">https:\/\/www.facebook.com\/virginiecremersophrologue\/<\/span>\n\t\t\t\t\t\t\t\t\t\t\t<\/a>\n\t\t\t\t\t\t\t\t\t<\/li>\n\t\t\t\t\t\t<\/ul>\n\t\t\t\t<\/div>\n\t\t\t\t<\/div>\n\t\t\t\t\t<\/div>\n\t\t<\/div>\n\t\t\t\t\t\t\t<\/div>\n\t\t<\/section>\n\t\t\t\t\t<\/div>\n\t\t<\/div>\n\t\t\t\t\t\t\t<\/div>\n\t\t<\/section>\n\t\t\t\t\t\t\t<\/div>\n\t\t","protected":false},"excerpt":{"rendered":"<p>Virginie CREMER \u00ab\u00a0Pourquoi chercher chez l&rsquo;autre, autour de toi, ce que tu d\u00e9sires plus que tout, alors que tu as tout en toi. Deviens acteur, actrice de ta Vie. Tu es la cl\u00e9 de ta propre r\u00e9ussite.\u00a0\u00bb \u00ab\u00a0Virginie, quand tu te feras confiance, tu pourras tout faire dans ta vie\u00a0\u00bb, c\u2019est par cette phrase que [&hellip;]<\/p>\n","protected":false},"author":1,"featured_media":0,"parent":0,"menu_order":0,"comment_status":"closed","ping_status":"closed","template":"","meta":{"ocean_post_layout":"","ocean_both_sidebars_style":"","ocean_both_sidebars_content_width":0,"ocean_both_sidebars_sidebars_width":0,"ocean_sidebar":"0","ocean_second_sidebar":"0","ocean_disable_margins":"enable","ocean_add_body_class":"","ocean_shortcode_before_top_bar":"","ocean_shortcode_after_top_bar":"","ocean_shortcode_before_header":"","ocean_shortcode_after_header":"","ocean_has_shortcode":"","ocean_shortcode_after_title":"","ocean_shortcode_before_footer_widgets":"","ocean_shortcode_after_footer_widgets":"","ocean_shortcode_before_footer_bottom":"","ocean_shortcode_after_footer_bottom":"","ocean_display_top_bar":"default","ocean_display_header":"default","ocean_header_style":"","ocean_center_header_left_menu":"0","ocean_custom_header_template":"0","ocean_custom_logo":0,"ocean_custom_retina_logo":0,"ocean_custom_logo_max_width":0,"ocean_custom_logo_tablet_max_width":0,"ocean_custom_logo_mobile_max_width":0,"ocean_custom_logo_max_height":0,"ocean_custom_logo_tablet_max_height":0,"ocean_custom_logo_mobile_max_height":0,"ocean_header_custom_menu":"0","ocean_menu_typo_font_family":"0","ocean_menu_typo_font_subset":"","ocean_menu_typo_font_size":0,"ocean_menu_typo_font_size_tablet":0,"ocean_menu_typo_font_size_mobile":0,"ocean_menu_typo_font_size_unit":"px","ocean_menu_typo_font_weight":"","ocean_menu_typo_font_weight_tablet":"","ocean_menu_typo_font_weight_mobile":"","ocean_menu_typo_transform":"","ocean_menu_typo_transform_tablet":"","ocean_menu_typo_transform_mobile":"","ocean_menu_typo_line_height":0,"ocean_menu_typo_line_height_tablet":0,"ocean_menu_typo_line_height_mobile":0,"ocean_menu_typo_line_height_unit":"","ocean_menu_typo_spacing":0,"ocean_menu_typo_spacing_tablet":0,"ocean_menu_typo_spacing_mobile":0,"ocean_menu_typo_spacing_unit":"","ocean_menu_link_color":"","ocean_menu_link_color_hover":"","ocean_menu_link_color_active":"","ocean_menu_link_background":"","ocean_menu_link_hover_background":"","ocean_menu_link_active_background":"","ocean_menu_social_links_bg":"","ocean_menu_social_hover_links_bg":"","ocean_menu_social_links_color":"","ocean_menu_social_hover_links_color":"","ocean_disable_title":"default","ocean_disable_heading":"default","ocean_post_title":"","ocean_post_subheading":"","ocean_post_title_style":"","ocean_post_title_background_color":"","ocean_post_title_background":0,"ocean_post_title_bg_image_position":"","ocean_post_title_bg_image_attachment":"","ocean_post_title_bg_image_repeat":"","ocean_post_title_bg_image_size":"","ocean_post_title_height":0,"ocean_post_title_bg_overlay":0.5,"ocean_post_title_bg_overlay_color":"","ocean_disable_breadcrumbs":"default","ocean_breadcrumbs_color":"","ocean_breadcrumbs_separator_color":"","ocean_breadcrumbs_links_color":"","ocean_breadcrumbs_links_hover_color":"","ocean_display_footer_widgets":"default","ocean_display_footer_bottom":"default","ocean_custom_footer_template":"0","footnotes":""},"class_list":["post-146","page","type-page","status-publish","hentry","entry"],"jetpack_sharing_enabled":true,"_links":{"self":[{"href":"https:\/\/vcremer-sophrologue.com\/index.php\/wp-json\/wp\/v2\/pages\/146","targetHints":{"allow":["GET"]}}],"collection":[{"href":"https:\/\/vcremer-sophrologue.com\/index.php\/wp-json\/wp\/v2\/pages"}],"about":[{"href":"https:\/\/vcremer-sophrologue.com\/index.php\/wp-json\/wp\/v2\/types\/page"}],"author":[{"embeddable":true,"href":"https:\/\/vcremer-sophrologue.com\/index.php\/wp-json\/wp\/v2\/users\/1"}],"replies":[{"embeddable":true,"href":"https:\/\/vcremer-sophrologue.com\/index.php\/wp-json\/wp\/v2\/comments?post=146"}],"version-history":[{"count":39,"href":"https:\/\/vcremer-sophrologue.com\/index.php\/wp-json\/wp\/v2\/pages\/146\/revisions"}],"predecessor-version":[{"id":934,"href":"https:\/\/vcremer-sophrologue.com\/index.php\/wp-json\/wp\/v2\/pages\/146\/revisions\/934"}],"wp:attachment":[{"href":"https:\/\/vcremer-sophrologue.com\/index.php\/wp-json\/wp\/v2\/media?parent=146"}],"curies":[{"name":"wp","href":"https:\/\/api.w.org\/{rel}","templated":true}]}}